{"id":1118,"date":"2023-11-15T21:16:11","date_gmt":"2023-11-15T20:16:11","guid":{"rendered":"https:\/\/atomy-europe.eu\/germany\/?page_id=1118"},"modified":"2024-11-11T17:26:06","modified_gmt":"2024-11-11T16:26:06","slug":"der-atomy-vergutungsplan","status":"publish","type":"page","link":"https:\/\/atomy-europe.eu\/germany\/der-atomy-vergutungsplan\/","title":{"rendered":"Der Atomy-Verg\u00fctungsplan: Wie Sie mit Atomy Geld verdienen k\u00f6nnen"},"content":{"rendered":"\n<div class=\"wp-block-uagb-container uagb-block-dc2192a5 alignfull uagb-is-root-container\"><div class=\"uagb-container-inner-blocks-wrap\">\n<div class=\"wp-block-uagb-info-box uagb-block-6ae3bc01 uagb-infobox__content-wrap  uagb-infobox-icon-above-title uagb-infobox-image-valign-top\"><div class=\"uagb-ifb-content\"><div class=\"uagb-ifb-title-wrap\"><h1 class=\"uagb-ifb-title\">Atomy Verg\u00fctungsplan<\/h1><\/div><p class=\"uagb-ifb-desc\">Der <strong>Atomy-Verg\u00fctungsplan<\/strong> ist ein innovativer Weg, um passives Einkommen zu generieren. In diesem Artikel werden wir im Detail \u00fcber diesen Plan sprechen und zeigen, wie Sie durch Atomy Geld verdienen k\u00f6nnen.<\/p><div class=\"uagb-ifb-separator\"><\/div><\/div><\/div>\n\n\n\n<div class=\"wp-block-uagb-container uagb-block-acf37ee0\"><\/div>\n<\/div><\/div>\n\n\n\n<div class=\"wp-block-uagb-container uagb-block-af541dfa default uagb-is-root-container\">\n<h2 class=\"wp-block-heading\" style=\"margin-top:var(--wp--preset--spacing--50);padding-right:var(--wp--preset--spacing--40);padding-left:var(--wp--preset--spacing--40)\">Atomy: Eine Einf\u00fchrung<\/h2>\n\n\n\n<p style=\"padding-right:var(--wp--preset--spacing--40);padding-left:var(--wp--preset--spacing--40)\">Atomy ist ein globales Unternehmen, das sich auf den Vertrieb von Produkten des t\u00e4glichen Bedarfs konzentriert. Mit Atomy k\u00f6nnen Sie mit absoluter Qualit\u00e4t und absolutem Preis durch das Netzwerk-Marketing-System Geld verdienen.<\/p>\n\n\n\n<p style=\"padding-right:var(--wp--preset--spacing--40);padding-left:var(--wp--preset--spacing--40)\">Atomy&rsquo;s marketing plan is based on member consumption, not sales. You use the product, are satisfied, recommend it to others and so on, you unknowingly build your own ecommerce network through Atomy. it&rsquo;s a very simple principle. Anyone can do it.<\/p>\n\n\n\n<h2 class=\"wp-block-heading\" style=\"padding-right:var(--wp--preset--spacing--40);padding-left:var(--wp--preset--spacing--40)\">Der Atomy-Verg\u00fctungsplan<\/h2>\n\n\n\n<p style=\"padding-right:var(--wp--preset--spacing--40);padding-left:var(--wp--preset--spacing--40)\">Der Atomy-Verg\u00fctungsplan basiert auf dem Prinzip des Netzwerk-Marketings und des Multi-Level-Marketings. Hier sind einige der Hauptmerkmale des Atomy-Verg\u00fctungsplans:<\/p>\n\n\n\n<ol class=\"wp-block-list\">\n<li><strong>Ethik in der Mitgliedschaft<\/strong>: Bei Atomy gibt es keine monatlichen oder j\u00e4hrlichen Geb\u00fchren und keine Wartungsgeb\u00fchren. Es sind auch keine monatlichen Eink\u00e4ufe erforderlich und es ist kein Kapital erforderlich.<\/li>\n\n\n\n<li><strong>Ein globaler Markt<\/strong>: Atomy bietet Ihnen einen globalen Markt mit unbegrenzten Ebenen f\u00fcr den Verkauf.<\/li>\n\n\n\n<li><strong>Punktwert<\/strong>: Der Atomy-Verg\u00fctungsplan basiert auf dem Punktwert. Jeder Kauf, den Sie oder Ihr Team t\u00e4tigen, generiert Punkte, die sich im Laufe der Zeit ansammeln.<\/li>\n<\/ol>\n<\/div>\n\n\n\n<div class=\"wp-block-uagb-container uagb-block-7d98759a default uagb-is-root-container\">\n<h3 class=\"wp-block-heading\">1. ETHISCHE MITGLIEDSCHAFT<\/h3>\n\n\n\n<p>Bei Atomy gibt es keine monatlichen oder j\u00e4hrlichen Geb\u00fchren und keine Wartungsgeb\u00fchren. Es sind auch keine monatlichen Eink\u00e4ufe erforderlich und es ist kein Kapital erforderlich.<\/p>\n\n\n\n<figure class=\"wp-block-image alignfull size-large\"><img fetchpriority=\"high\" decoding=\"async\" width=\"1024\" height=\"521\" src=\"https:\/\/atomy-europe.eu\/germany\/wp-content\/uploads\/2023\/11\/ETHISCHE-1024x521.jpg\" alt=\"\" class=\"wp-image-1129\" srcset=\"https:\/\/atomy-europe.eu\/germany\/wp-content\/uploads\/2023\/11\/ETHISCHE-1024x521.jpg 1024w, https:\/\/atomy-europe.eu\/germany\/wp-content\/uploads\/2023\/11\/ETHISCHE-300x153.jpg 300w, https:\/\/atomy-europe.eu\/germany\/wp-content\/uploads\/2023\/11\/ETHISCHE-768x391.jpg 768w, https:\/\/atomy-europe.eu\/germany\/wp-content\/uploads\/2023\/11\/ETHISCHE-1536x782.jpg 1536w, https:\/\/atomy-europe.eu\/germany\/wp-content\/uploads\/2023\/11\/ETHISCHE.jpg 1620w\" sizes=\"(max-width: 1024px) 100vw, 1024px\" \/><\/figure>\n\n\n\n<h3 class=\"wp-block-heading\">2. <strong>Ein globaler Markt<\/strong><\/h3>\n\n\n\n<p>Atomy bietet Ihnen einen globalen Markt mit unbegrenzten Ebenen f\u00fcr den Verkauf.<\/p>\n\n\n\n<figure class=\"wp-block-image alignwide size-large\"><img decoding=\"async\" width=\"1024\" height=\"430\" src=\"https:\/\/atomy-europe.eu\/germany\/wp-content\/uploads\/2023\/11\/binares-marketing-1024x430.jpg\" alt=\"\" class=\"wp-image-1133\" srcset=\"https:\/\/atomy-europe.eu\/germany\/wp-content\/uploads\/2023\/11\/binares-marketing-1024x430.jpg 1024w, https:\/\/atomy-europe.eu\/germany\/wp-content\/uploads\/2023\/11\/binares-marketing-300x126.jpg 300w, https:\/\/atomy-europe.eu\/germany\/wp-content\/uploads\/2023\/11\/binares-marketing-768x323.jpg 768w, https:\/\/atomy-europe.eu\/germany\/wp-content\/uploads\/2023\/11\/binares-marketing-1536x645.jpg 1536w, https:\/\/atomy-europe.eu\/germany\/wp-content\/uploads\/2023\/11\/binares-marketing.jpg 1712w\" sizes=\"(max-width: 1024px) 100vw, 1024px\" \/><\/figure>\n\n\n\n<h3 class=\"wp-block-heading\">3. PUNKTWERT<\/h3>\n\n\n\n<ul style=\"padding-right:var(--wp--preset--spacing--40);padding-left:var(--wp--preset--spacing--40)\" class=\"wp-block-list\">\n<li><strong>Pers\u00f6nlicher Punktwert (PPW):<\/strong> Punkte, die durch Ihre pers\u00f6nlichen Eink\u00e4ufe generiert werden, sammeln sich im Laufe eines Lebens an<\/li>\n\n\n\n<li><strong>Gruppenpunktwert (GPW):<\/strong> Punkte, die durch Eink\u00e4ufe Ihres Teams generiert werden<\/li>\n<\/ul>\n\n\n\n<figure class=\"wp-block-image alignfull size-large\"><img decoding=\"async\" width=\"1024\" height=\"421\" src=\"https:\/\/atomy-europe.eu\/germany\/wp-content\/uploads\/2023\/11\/PUNKWERT2-1024x421.jpg\" alt=\"\" class=\"wp-image-1124\" srcset=\"https:\/\/atomy-europe.eu\/germany\/wp-content\/uploads\/2023\/11\/PUNKWERT2-1024x421.jpg 1024w, https:\/\/atomy-europe.eu\/germany\/wp-content\/uploads\/2023\/11\/PUNKWERT2-300x123.jpg 300w, https:\/\/atomy-europe.eu\/germany\/wp-content\/uploads\/2023\/11\/PUNKWERT2-768x316.jpg 768w, https:\/\/atomy-europe.eu\/germany\/wp-content\/uploads\/2023\/11\/PUNKWERT2-1536x632.jpg 1536w, https:\/\/atomy-europe.eu\/germany\/wp-content\/uploads\/2023\/11\/PUNKWERT2.jpg 1666w\" sizes=\"(max-width: 1024px) 100vw, 1024px\" \/><\/figure>\n<\/div>\n\n\n\n<p><\/p>\n\n\n\n<div class=\"wp-block-uagb-container uagb-block-c53583aa default uagb-is-root-container\">\n<h2 class=\"wp-block-heading\" style=\"margin-top:var(--wp--preset--spacing--50);margin-right:0;margin-left:0\">Der Atomy-Verg\u00fctungsplan: Wie Sie Geld verdienen k\u00f6nnen<br><\/h2>\n\n\n\n<p>Mit dem Atomy-Verg\u00fctungsplan gibt es verschiedene M\u00f6glichkeiten, Geld zu verdienen. Hier sind einige der Hauptwege:<\/p>\n\n\n\n<ol class=\"wp-block-list\">\n<li><strong>Allgemeine Kommission<\/strong>: Sie verdienen eine Kommission auf der Grundlage des Gesamtvolumens der von Ihnen und Ihrem Team gekauften Produkte und der von Atomy erhaltenen Provision.<\/li>\n\n\n\n<li><strong>F\u00f6rderungsanreize<\/strong>: Atomy bietet verschiedene Anreize zur F\u00f6rderung, einschlie\u00dflich Bargeld und Produktanreize.<\/li>\n\n\n\n<li><strong>Meisterschafts-Bonus<\/strong>: Wenn Sie bestimmte R\u00e4nge in Atomy erreichen, k\u00f6nnen Sie zus\u00e4tzliche Boni verdienen.<\/li>\n<\/ol>\n\n\n\n<h3 class=\"wp-block-heading\">Die H\u00e4ndlerklassen<\/h3>\n\n\n\n<p>In Atomy gibt es verschiedene H\u00e4ndlerklassen, die auf der Grundlage des gesamten gekauften Volumens und der von Atomy erhaltenen Provision festgelegt werden. Jede Klasse hat ihre eigenen Anforderungen und Vorteile.<\/p>\n\n\n\n<p>Auf Basis des gesamten gekauften Volumens und der vom Unternehmen erhaltenen Provision. Ein Vertriebsmitglied ben\u00f6tigt mindestens 10.000 PPW, um mit der Akkumulation von GPW zu beginnen, und 300.000 PW f\u00fcr jedes Ihrer Etappe, bevor Sie anfangen k\u00f6nnen, Provision zu verdienen<\/p>\n\n\n\n<figure class=\"wp-block-image alignfull size-large\"><img loading=\"lazy\" decoding=\"async\" width=\"1024\" height=\"304\" src=\"https:\/\/atomy-europe.eu\/germany\/wp-content\/uploads\/2023\/11\/HANDLERKLASSEN-1024x304.jpg\" alt=\"Atomy-Verg\u00fctungsplan\" class=\"wp-image-1146\" srcset=\"https:\/\/atomy-europe.eu\/germany\/wp-content\/uploads\/2023\/11\/HANDLERKLASSEN-1024x304.jpg 1024w, https:\/\/atomy-europe.eu\/germany\/wp-content\/uploads\/2023\/11\/HANDLERKLASSEN-300x89.jpg 300w, https:\/\/atomy-europe.eu\/germany\/wp-content\/uploads\/2023\/11\/HANDLERKLASSEN-768x228.jpg 768w, https:\/\/atomy-europe.eu\/germany\/wp-content\/uploads\/2023\/11\/HANDLERKLASSEN-1536x455.jpg 1536w, https:\/\/atomy-europe.eu\/germany\/wp-content\/uploads\/2023\/11\/HANDLERKLASSEN.jpg 1801w\" sizes=\"(max-width: 1024px) 100vw, 1024px\" \/><\/figure>\n\n\n\n<h3 class=\"wp-block-heading\" style=\"margin-top:var(--wp--preset--spacing--40)\">Die Allgemeine Kommission<\/h3>\n\n\n\n<p>Die Allgemeine Kommission wird auf der Grundlage der von Ihnen verdienten Punkte berechnet. Die Anzahl der Punkte, die Sie pro Tag verdienen k\u00f6nnen, ist auf 300 Punkte begrenzt.<\/p>\n\n\n\n<figure class=\"wp-block-image alignfull size-full\"><img loading=\"lazy\" decoding=\"async\" width=\"1816\" height=\"847\" src=\"https:\/\/atomy-europe.eu\/germany\/wp-content\/uploads\/2023\/11\/Allgemeine-Kommission.jpg\" alt=\"\" class=\"wp-image-1153\" srcset=\"https:\/\/atomy-europe.eu\/germany\/wp-content\/uploads\/2023\/11\/Allgemeine-Kommission.jpg 1816w, https:\/\/atomy-europe.eu\/germany\/wp-content\/uploads\/2023\/11\/Allgemeine-Kommission-300x140.jpg 300w, https:\/\/atomy-europe.eu\/germany\/wp-content\/uploads\/2023\/11\/Allgemeine-Kommission-1024x478.jpg 1024w, https:\/\/atomy-europe.eu\/germany\/wp-content\/uploads\/2023\/11\/Allgemeine-Kommission-768x358.jpg 768w, https:\/\/atomy-europe.eu\/germany\/wp-content\/uploads\/2023\/11\/Allgemeine-Kommission-1536x716.jpg 1536w\" sizes=\"(max-width: 1816px) 100vw, 1816px\" \/><\/figure>\n\n\n\n<figure class=\"wp-block-image alignfull size-large\"><img loading=\"lazy\" decoding=\"async\" width=\"1024\" height=\"507\" src=\"https:\/\/atomy-europe.eu\/germany\/wp-content\/uploads\/2023\/11\/Allgemeine-Kommission2-1024x507.jpg\" alt=\"\" class=\"wp-image-1155\" srcset=\"https:\/\/atomy-europe.eu\/germany\/wp-content\/uploads\/2023\/11\/Allgemeine-Kommission2-1024x507.jpg 1024w, https:\/\/atomy-europe.eu\/germany\/wp-content\/uploads\/2023\/11\/Allgemeine-Kommission2-300x149.jpg 300w, https:\/\/atomy-europe.eu\/germany\/wp-content\/uploads\/2023\/11\/Allgemeine-Kommission2-768x380.jpg 768w, https:\/\/atomy-europe.eu\/germany\/wp-content\/uploads\/2023\/11\/Allgemeine-Kommission2-1536x760.jpg 1536w, https:\/\/atomy-europe.eu\/germany\/wp-content\/uploads\/2023\/11\/Allgemeine-Kommission2.jpg 1717w\" sizes=\"(max-width: 1024px) 100vw, 1024px\" \/><\/figure>\n\n\n\n<h3 class=\"wp-block-heading\">Die Meisterschaft<\/h3>\n\n\n\n<p><br>Die Meisterschaft ist ein weiterer Weg, um mit Atomy Geld zu verdienen. Es gibt verschiedene Meisterschaftsr\u00e4nge, die Sie erreichen k\u00f6nnen, und jeder Rang hat seine eigenen Vorteile und Boni.<\/p>\n\n\n\n<figure class=\"wp-block-image alignfull size-large\"><img loading=\"lazy\" decoding=\"async\" width=\"1024\" height=\"480\" src=\"https:\/\/atomy-europe.eu\/germany\/wp-content\/uploads\/2023\/11\/MEISTER-BONUS-d1-1024x480.jpg\" alt=\"\" class=\"wp-image-1158\" srcset=\"https:\/\/atomy-europe.eu\/germany\/wp-content\/uploads\/2023\/11\/MEISTER-BONUS-d1-1024x480.jpg 1024w, https:\/\/atomy-europe.eu\/germany\/wp-content\/uploads\/2023\/11\/MEISTER-BONUS-d1-300x141.jpg 300w, https:\/\/atomy-europe.eu\/germany\/wp-content\/uploads\/2023\/11\/MEISTER-BONUS-d1-768x360.jpg 768w, https:\/\/atomy-europe.eu\/germany\/wp-content\/uploads\/2023\/11\/MEISTER-BONUS-d1-1536x720.jpg 1536w, https:\/\/atomy-europe.eu\/germany\/wp-content\/uploads\/2023\/11\/MEISTER-BONUS-d1.jpg 1792w\" sizes=\"(max-width: 1024px) 100vw, 1024px\" \/><\/figure>\n\n\n\n<figure class=\"wp-block-image alignfull size-large\"><img loading=\"lazy\" decoding=\"async\" width=\"1024\" height=\"465\" src=\"https:\/\/atomy-europe.eu\/germany\/wp-content\/uploads\/2023\/11\/MEISTER-BONUS-d2-1024x465.jpg\" alt=\"\" class=\"wp-image-1161\" srcset=\"https:\/\/atomy-europe.eu\/germany\/wp-content\/uploads\/2023\/11\/MEISTER-BONUS-d2-1024x465.jpg 1024w, https:\/\/atomy-europe.eu\/germany\/wp-content\/uploads\/2023\/11\/MEISTER-BONUS-d2-300x136.jpg 300w, https:\/\/atomy-europe.eu\/germany\/wp-content\/uploads\/2023\/11\/MEISTER-BONUS-d2-768x349.jpg 768w, https:\/\/atomy-europe.eu\/germany\/wp-content\/uploads\/2023\/11\/MEISTER-BONUS-d2-1536x697.jpg 1536w, https:\/\/atomy-europe.eu\/germany\/wp-content\/uploads\/2023\/11\/MEISTER-BONUS-d2.jpg 1709w\" sizes=\"(max-width: 1024px) 100vw, 1024px\" \/><\/figure>\n\n\n\n<h3 class=\"wp-block-heading\">BEF\u00d6RDERUNG ZUR MEISTERSCHAFT<\/h3>\n\n\n\n<p>Atomy bietet verschiedene Anreize zur F\u00f6rderung der Meisterschaft. Diese k\u00f6nnen Bargeldanreize, Produktanreize oder sogar Reiseanreize sein.<\/p>\n\n\n\n<figure class=\"wp-block-image alignfull size-large\"><img loading=\"lazy\" decoding=\"async\" width=\"1024\" height=\"485\" src=\"https:\/\/atomy-europe.eu\/germany\/wp-content\/uploads\/2023\/11\/BEFORDERUNG-ZUR-MEISTERSCHAFT-d1-1024x485.jpg\" alt=\"\" class=\"wp-image-1168\" srcset=\"https:\/\/atomy-europe.eu\/germany\/wp-content\/uploads\/2023\/11\/BEFORDERUNG-ZUR-MEISTERSCHAFT-d1-1024x485.jpg 1024w, https:\/\/atomy-europe.eu\/germany\/wp-content\/uploads\/2023\/11\/BEFORDERUNG-ZUR-MEISTERSCHAFT-d1-300x142.jpg 300w, https:\/\/atomy-europe.eu\/germany\/wp-content\/uploads\/2023\/11\/BEFORDERUNG-ZUR-MEISTERSCHAFT-d1-768x364.jpg 768w, https:\/\/atomy-europe.eu\/germany\/wp-content\/uploads\/2023\/11\/BEFORDERUNG-ZUR-MEISTERSCHAFT-d1-1536x728.jpg 1536w, https:\/\/atomy-europe.eu\/germany\/wp-content\/uploads\/2023\/11\/BEFORDERUNG-ZUR-MEISTERSCHAFT-d1.jpg 1733w\" sizes=\"(max-width: 1024px) 100vw, 1024px\" \/><\/figure>\n\n\n\n<figure class=\"wp-block-image alignfull size-large\"><img loading=\"lazy\" decoding=\"async\" width=\"1024\" height=\"576\" src=\"https:\/\/atomy-europe.eu\/germany\/wp-content\/uploads\/2023\/11\/BEFORDERUNG-ZUR-MEISTERSCHAFT2-1024x576.jpg\" alt=\"\" class=\"wp-image-1171\" srcset=\"https:\/\/atomy-europe.eu\/germany\/wp-content\/uploads\/2023\/11\/BEFORDERUNG-ZUR-MEISTERSCHAFT2-1024x576.jpg 1024w, https:\/\/atomy-europe.eu\/germany\/wp-content\/uploads\/2023\/11\/BEFORDERUNG-ZUR-MEISTERSCHAFT2-300x169.jpg 300w, https:\/\/atomy-europe.eu\/germany\/wp-content\/uploads\/2023\/11\/BEFORDERUNG-ZUR-MEISTERSCHAFT2-768x432.jpg 768w, https:\/\/atomy-europe.eu\/germany\/wp-content\/uploads\/2023\/11\/BEFORDERUNG-ZUR-MEISTERSCHAFT2.jpg 1280w\" sizes=\"(max-width: 1024px) 100vw, 1024px\" \/><\/figure>\n\n\n\n<h3 class=\"wp-block-heading\">MEISTERSCHAFTSF\u00d6RDERUNG &amp; ANREIZE<\/h3>\n\n\n\n<p><\/p>\n\n\n\n<figure class=\"wp-block-image alignfull size-large\"><img loading=\"lazy\" decoding=\"async\" width=\"1024\" height=\"432\" src=\"https:\/\/atomy-europe.eu\/germany\/wp-content\/uploads\/2023\/11\/sm1-1024x432.jpg\" alt=\"\" class=\"wp-image-1174\" srcset=\"https:\/\/atomy-europe.eu\/germany\/wp-content\/uploads\/2023\/11\/sm1-1024x432.jpg 1024w, https:\/\/atomy-europe.eu\/germany\/wp-content\/uploads\/2023\/11\/sm1-300x126.jpg 300w, https:\/\/atomy-europe.eu\/germany\/wp-content\/uploads\/2023\/11\/sm1-768x324.jpg 768w, https:\/\/atomy-europe.eu\/germany\/wp-content\/uploads\/2023\/11\/sm1-1536x648.jpg 1536w, https:\/\/atomy-europe.eu\/germany\/wp-content\/uploads\/2023\/11\/sm1.jpg 1672w\" sizes=\"(max-width: 1024px) 100vw, 1024px\" \/><\/figure>\n\n\n\n<figure class=\"wp-block-image alignfull size-large\"><img loading=\"lazy\" decoding=\"async\" width=\"1024\" height=\"453\" src=\"https:\/\/atomy-europe.eu\/germany\/wp-content\/uploads\/2023\/11\/dm-1024x453.jpg\" alt=\"\" class=\"wp-image-1175\" srcset=\"https:\/\/atomy-europe.eu\/germany\/wp-content\/uploads\/2023\/11\/dm-1024x453.jpg 1024w, https:\/\/atomy-europe.eu\/germany\/wp-content\/uploads\/2023\/11\/dm-300x133.jpg 300w, https:\/\/atomy-europe.eu\/germany\/wp-content\/uploads\/2023\/11\/dm-768x340.jpg 768w, https:\/\/atomy-europe.eu\/germany\/wp-content\/uploads\/2023\/11\/dm-1536x680.jpg 1536w, https:\/\/atomy-europe.eu\/germany\/wp-content\/uploads\/2023\/11\/dm.jpg 1683w\" sizes=\"(max-width: 1024px) 100vw, 1024px\" \/><\/figure>\n\n\n\n<figure class=\"wp-block-image alignfull size-large\"><img loading=\"lazy\" decoding=\"async\" width=\"1024\" height=\"452\" src=\"https:\/\/atomy-europe.eu\/germany\/wp-content\/uploads\/2023\/11\/srm-1024x452.jpg\" alt=\"\" class=\"wp-image-1178\" srcset=\"https:\/\/atomy-europe.eu\/germany\/wp-content\/uploads\/2023\/11\/srm-1024x452.jpg 1024w, https:\/\/atomy-europe.eu\/germany\/wp-content\/uploads\/2023\/11\/srm-300x132.jpg 300w, https:\/\/atomy-europe.eu\/germany\/wp-content\/uploads\/2023\/11\/srm-768x339.jpg 768w, https:\/\/atomy-europe.eu\/germany\/wp-content\/uploads\/2023\/11\/srm-1536x678.jpg 1536w, https:\/\/atomy-europe.eu\/germany\/wp-content\/uploads\/2023\/11\/srm.jpg 1712w\" sizes=\"(max-width: 1024px) 100vw, 1024px\" \/><\/figure>\n\n\n\n<figure class=\"wp-block-image alignfull size-large\"><img loading=\"lazy\" decoding=\"async\" width=\"1024\" height=\"481\" src=\"https:\/\/atomy-europe.eu\/germany\/wp-content\/uploads\/2023\/11\/stm-1024x481.jpg\" alt=\"\" class=\"wp-image-1181\" srcset=\"https:\/\/atomy-europe.eu\/germany\/wp-content\/uploads\/2023\/11\/stm-1024x481.jpg 1024w, https:\/\/atomy-europe.eu\/germany\/wp-content\/uploads\/2023\/11\/stm-300x141.jpg 300w, https:\/\/atomy-europe.eu\/germany\/wp-content\/uploads\/2023\/11\/stm-768x361.jpg 768w, https:\/\/atomy-europe.eu\/germany\/wp-content\/uploads\/2023\/11\/stm-1536x721.jpg 1536w, https:\/\/atomy-europe.eu\/germany\/wp-content\/uploads\/2023\/11\/stm.jpg 1648w\" sizes=\"(max-width: 1024px) 100vw, 1024px\" \/><\/figure>\n\n\n\n<figure class=\"wp-block-image alignfull size-large\"><img loading=\"lazy\" decoding=\"async\" width=\"1024\" height=\"465\" src=\"https:\/\/atomy-europe.eu\/germany\/wp-content\/uploads\/2023\/11\/rm-1024x465.jpg\" alt=\"\" class=\"wp-image-1183\" srcset=\"https:\/\/atomy-europe.eu\/germany\/wp-content\/uploads\/2023\/11\/rm-1024x465.jpg 1024w, https:\/\/atomy-europe.eu\/germany\/wp-content\/uploads\/2023\/11\/rm-300x136.jpg 300w, https:\/\/atomy-europe.eu\/germany\/wp-content\/uploads\/2023\/11\/rm-768x349.jpg 768w, https:\/\/atomy-europe.eu\/germany\/wp-content\/uploads\/2023\/11\/rm-1536x698.jpg 1536w, https:\/\/atomy-europe.eu\/germany\/wp-content\/uploads\/2023\/11\/rm.jpg 1728w\" sizes=\"(max-width: 1024px) 100vw, 1024px\" \/><\/figure>\n\n\n\n<figure class=\"wp-block-image alignfull size-large\"><img loading=\"lazy\" decoding=\"async\" width=\"1024\" height=\"432\" src=\"https:\/\/atomy-europe.eu\/germany\/wp-content\/uploads\/2023\/11\/crm-1024x432.jpg\" alt=\"\" class=\"wp-image-1186\" srcset=\"https:\/\/atomy-europe.eu\/germany\/wp-content\/uploads\/2023\/11\/crm-1024x432.jpg 1024w, https:\/\/atomy-europe.eu\/germany\/wp-content\/uploads\/2023\/11\/crm-300x127.jpg 300w, https:\/\/atomy-europe.eu\/germany\/wp-content\/uploads\/2023\/11\/crm-768x324.jpg 768w, https:\/\/atomy-europe.eu\/germany\/wp-content\/uploads\/2023\/11\/crm-1536x648.jpg 1536w, https:\/\/atomy-europe.eu\/germany\/wp-content\/uploads\/2023\/11\/crm.jpg 1711w\" sizes=\"(max-width: 1024px) 100vw, 1024px\" \/><\/figure>\n\n\n\n<ul class=\"wp-block-list\">\n<li><\/li>\n<\/ul>\n\n\n\n<figure class=\"wp-block-image alignfull size-large\"><img loading=\"lazy\" decoding=\"async\" width=\"1024\" height=\"474\" src=\"https:\/\/atomy-europe.eu\/germany\/wp-content\/uploads\/2023\/11\/im-1024x474.jpg\" alt=\"\" class=\"wp-image-1188\" srcset=\"https:\/\/atomy-europe.eu\/germany\/wp-content\/uploads\/2023\/11\/im-1024x474.jpg 1024w, https:\/\/atomy-europe.eu\/germany\/wp-content\/uploads\/2023\/11\/im-300x139.jpg 300w, https:\/\/atomy-europe.eu\/germany\/wp-content\/uploads\/2023\/11\/im-768x356.jpg 768w, https:\/\/atomy-europe.eu\/germany\/wp-content\/uploads\/2023\/11\/im-1536x712.jpg 1536w, https:\/\/atomy-europe.eu\/germany\/wp-content\/uploads\/2023\/11\/im.jpg 1638w\" sizes=\"(max-width: 1024px) 100vw, 1024px\" \/><\/figure>\n\n\n\n<h2 class=\"wp-block-heading\" style=\"margin-top:var(--wp--preset--spacing--40)\">Wie Sie mit Atomy Geld verdienen k\u00f6nnen<\/h2>\n\n\n\n<p>Mit Atomy k\u00f6nnen Sie auf verschiedene Weisen Geld verdienen. Hier sind einige Tipps, wie Sie mit Atomy Geld verdienen k\u00f6nnen:<\/p>\n\n\n\n<ol class=\"wp-block-list\">\n<li><strong>Nutzen Sie die Produkte von Atomy<\/strong>: Der beste Weg, um mit Atomy Geld zu verdienen, ist, die Produkte selbst zu nutzen und sie anderen zu empfehlen.<\/li>\n\n\n\n<li><strong>Bauen Sie Ihr Team auf<\/strong>: Je mehr Personen Sie in Ihr Team aufnehmen, desto mehr Punkte k\u00f6nnen Sie sammeln und desto h\u00f6her sind Ihre potenziellen Einnahmen.<\/li>\n\n\n\n<li><strong>Erreichen Sie die Meisterschaft<\/strong>: Wenn Sie die Meisterschaft erreichen, k\u00f6nnen Sie zus\u00e4tzliche Boni und Anreize verdienen.<\/li>\n<\/ol>\n\n\n\n<h2 class=\"wp-block-heading\">Fazit<\/h2>\n\n\n\n<p>Der Atomy-Verg\u00fctungsplan bietet eine gro\u00dfartige M\u00f6glichkeit, passives Einkommen zu generieren. Mit Atomy k\u00f6nnen Sie Geld verdienen, indem Sie qualitativ hochwertige Produkte nutzen und anderen empfehlen. Es ist ein einfacher und effektiver Weg, um ein Einkommen zu erzielen und gleichzeitig Produkte zu nutzen, die Sie lieben.<\/p>\n<\/div>\n\n\n\n<div class=\"wp-block-group alignfull has-background is-layout-flow wp-block-group-is-layout-flow\" style=\"background-color:#171717\">\n<div class=\"wp-block-columns alignwide are-vertically-aligned-center is-layout-flex wp-container-core-columns-is-layout-28f84493 wp-block-columns-is-layout-flex\">\n<div class=\"wp-block-column is-vertically-aligned-center is-layout-flow wp-block-column-is-layout-flow\" style=\"flex-basis:66.66%\">\n<h2 class=\"wp-block-heading has-text-color\" style=\"color:#ffffff\">Passives Einkommen zu generieren<\/h2>\n\n\n\n<p class=\"has-text-color\" style=\"color:#d7d7d7\">Mit Atomy k\u00f6nnen Sie hochwertige Produkte nutzen und gleichzeitig Geld verdienen. Es ist eine einfache und effektive M\u00f6glichkeit, ein passives Einkommen zu generieren. Warum also nicht heute noch mit Atomy beginnen?<\/p>\n<\/div>\n\n\n\n<div class=\"wp-block-column is-vertically-aligned-center is-layout-flow wp-block-column-is-layout-flow\" style=\"flex-basis:33.33%\">\n<div class=\"wp-block-buttons is-horizontal is-content-justification-center is-layout-flex wp-container-core-buttons-is-layout-03627597 wp-block-buttons-is-layout-flex\">\n<div class=\"wp-block-button\"><a class=\"wp-block-button__link has-vivid-cyan-blue-color has-white-background-color has-text-color has-background has-link-color wp-element-button\" href=\"https:\/\/atomy-europe.eu\/germany\/atomy-germany-anmelden\/\">Ein Konto aufgeben<\/a><\/div>\n<\/div>\n<\/div>\n<\/div>\n<\/div>\n\n\n\n<p><\/p>\n","protected":false},"excerpt":{"rendered":"<p>Atomy: Eine Einf\u00fchrung Atomy ist ein globales Unternehmen, das sich auf den Vertrieb von Produkten des t\u00e4glichen Bedarfs<\/p>\n","protected":false},"author":1,"featured_media":0,"parent":0,"menu_order":0,"comment_status":"closed","ping_status":"closed","template":"","meta":{"_uag_custom_page_level_css":"","footnotes":""},"class_list":["post-1118","page","type-page","status-publish","hentry"],"uagb_featured_image_src":{"full":false,"thumbnail":false,"medium":false,"medium_large":false,"large":false,"1536x1536":false,"2048x2048":false,"morenews-large":false,"morenews-medium":false},"uagb_author_info":{"display_name":"nayphodeth","author_link":"https:\/\/atomy-europe.eu\/germany\/author\/nayphodeth\/"},"uagb_comment_info":0,"uagb_excerpt":"Atomy: Eine Einf\u00fchrung Atomy ist ein globales Unternehmen, das sich auf den Vertrieb von Produkten des t\u00e4glichen Bedarfs","_links":{"self":[{"href":"https:\/\/atomy-europe.eu\/germany\/wp-json\/wp\/v2\/pages\/1118","targetHints":{"allow":["GET"]}}],"collection":[{"href":"https:\/\/atomy-europe.eu\/germany\/wp-json\/wp\/v2\/pages"}],"about":[{"href":"https:\/\/atomy-europe.eu\/germany\/wp-json\/wp\/v2\/types\/page"}],"author":[{"embeddable":true,"href":"https:\/\/atomy-europe.eu\/germany\/wp-json\/wp\/v2\/users\/1"}],"replies":[{"embeddable":true,"href":"https:\/\/atomy-europe.eu\/germany\/wp-json\/wp\/v2\/comments?post=1118"}],"version-history":[{"count":65,"href":"https:\/\/atomy-europe.eu\/germany\/wp-json\/wp\/v2\/pages\/1118\/revisions"}],"predecessor-version":[{"id":1509,"href":"https:\/\/atomy-europe.eu\/germany\/wp-json\/wp\/v2\/pages\/1118\/revisions\/1509"}],"wp:attachment":[{"href":"https:\/\/atomy-europe.eu\/germany\/wp-json\/wp\/v2\/media?parent=1118"}],"curies":[{"name":"wp","href":"https:\/\/api.w.org\/{rel}","templated":true}]}}